{"id":50,"date":"2021-08-20T21:08:46","date_gmt":"2021-08-20T21:08:46","guid":{"rendered":"http:\/\/box2086.temp.domains\/~lastchc0\/?page_id=50"},"modified":"2021-08-21T02:04:54","modified_gmt":"2021-08-21T02:04:54","slug":"quienes-somos","status":"publish","type":"page","link":"https:\/\/lastchancepr.com\/?page_id=50&lang=es","title":{"rendered":"Qui\u00e9nes Somos"},"content":{"rendered":"\n<p class=\"has-text-color\" style=\"color:#000aa3\">La empresa de servicios de salud Last Chance LLC fue incorporada en el Departamento de Estado de Puerto Rico el d\u00eda 16 de agosto del a\u00f1o 2021. <\/p>\n\n\n\n<p class=\"has-text-color\" style=\"color:#000aa3\">Las oficinas de la corporaci\u00f3n estar\u00e1n localizadas en: <strong>RO-95 C Plaza Norte, Riachuelo Encantada, Trujillo Alto, Puerto Rico 00976<\/strong><\/p>\n\n\n\n<p class=\"has-text-color\" style=\"color:#000aa3\">Esta corporaci\u00f3n se crea al amparo de la Ley N\u00fam. 144 de 10 de agosto de 1995 conocida como Ley General de Corporaciones de Puerto Rico de 1995 seg\u00fan enmendada. Los prop\u00f3sitos de la corporaci\u00f3n se establecen y regulan de acuerdo con:<\/p>\n\n\n\n<ul class=\"has-text-color wp-block-list\" style=\"color:#000aa3\"><li>Los reglamentos establecidos por la Asociaci\u00f3n M\u00e9dica Americana (AMA)<\/li><li>El Instituto Nacional De la Salud (National Institute of Health, NIH)<\/li><li>La Administraci\u00f3n de Servicios de Abuso de Sustancias y Salud Mental (SAMSHA, por sus siglas en ingl\u00e9s) de Estados Unidos<\/li><li>El Departamento De Salud de Puerto Rico<\/li><li>La Administraci\u00f3n de Servicios de Salud y Contra la Adicci\u00f3n (ASSMCA) de Puerto Rico.<\/li><\/ul>\n","protected":false},"excerpt":{"rendered":"<p>La empresa de servicios de salud Last Chance LLC fue incorporada en el Departamento de Estado de Puerto Rico el d\u00eda 16 de agosto del a\u00f1o 2021. Las oficinas de la corporaci\u00f3n estar\u00e1n localizadas en: RO-95 C Plaza&hellip;<\/p>\n","protected":false},"author":1,"featured_media":116,"parent":0,"menu_order":0,"comment_status":"closed","ping_status":"closed","template":"","meta":{"nf_dc_page":"","om_disable_all_campaigns":false,"_monsterinsights_skip_tracking":false,"_monsterinsights_sitenote_active":false,"_monsterinsights_sitenote_note":"","_monsterinsights_sitenote_category":0,"footnotes":""},"class_list":["post-50","page","type-page","status-publish","has-post-thumbnail","hentry"],"aioseo_notices":[],"jetpack-related-posts":[],"jetpack_sharing_enabled":true,"_links":{"self":[{"href":"https:\/\/lastchancepr.com\/index.php?rest_route=\/wp\/v2\/pages\/50","targetHints":{"allow":["GET"]}}],"collection":[{"href":"https:\/\/lastchancepr.com\/index.php?rest_route=\/wp\/v2\/pages"}],"about":[{"href":"https:\/\/lastchancepr.com\/index.php?rest_route=\/wp\/v2\/types\/page"}],"author":[{"embeddable":true,"href":"https:\/\/lastchancepr.com\/index.php?rest_route=\/wp\/v2\/users\/1"}],"replies":[{"embeddable":true,"href":"https:\/\/lastchancepr.com\/index.php?rest_route=%2Fwp%2Fv2%2Fcomments&post=50"}],"version-history":[{"count":3,"href":"https:\/\/lastchancepr.com\/index.php?rest_route=\/wp\/v2\/pages\/50\/revisions"}],"predecessor-version":[{"id":171,"href":"https:\/\/lastchancepr.com\/index.php?rest_route=\/wp\/v2\/pages\/50\/revisions\/171"}],"wp:featuredmedia":[{"embeddable":true,"href":"https:\/\/lastchancepr.com\/index.php?rest_route=\/wp\/v2\/media\/116"}],"wp:attachment":[{"href":"https:\/\/lastchancepr.com\/index.php?rest_route=%2Fwp%2Fv2%2Fmedia&parent=50"}],"curies":[{"name":"wp","href":"https:\/\/api.w.org\/{rel}","templated":true}]}}