{"id":48,"date":"2021-08-20T21:08:45","date_gmt":"2021-08-20T21:08:45","guid":{"rendered":"http:\/\/box2086.temp.domains\/~lastchc0\/?page_id=48"},"modified":"2021-08-20T23:58:54","modified_gmt":"2021-08-20T23:58:54","slug":"rehabilitacion","status":"publish","type":"page","link":"https:\/\/lastchancepr.com\/?page_id=48&lang=es","title":{"rendered":"Rehabilitaci\u00f3n"},"content":{"rendered":"\n<p class=\"has-text-color\" style=\"color:#000aa3\">Los Servicios de Rehabilitaci\u00f3n que se ofrecen, utilizan t\u00e9cnicas de vanguardia con modelos probados de rehabilitaci\u00f3n.<\/p>\n\n\n\n<p class=\"has-text-color\" style=\"color:#000aa3\">Nuestros servicios son \u00fanicos en Puerto Rico, aprendidos despu\u00e9s de muchos a\u00f1os de experiencia en el \u00e1rea de rehabilitaci\u00f3n de pacientes con problemas de abuso de alcohol y sustancias controladas.<\/p>\n\n\n\n<p class=\"has-text-color\" style=\"color:#000aa3\">Durante el proceso de Rehabilitaci\u00f3n, ofrecemos los siguientes servicios:<\/p>\n\n\n\n<ul class=\"has-text-color wp-block-list\" style=\"color:#000aa3\"><li>Consejer\u00eda en Adicci\u00f3n<\/li><li>Servicios Ambulatorios<\/li><li>Servicios M\u00e9dicos<\/li><li>Servicios Psicol\u00f3gicos<\/li><li>Servicios Psiqui\u00e1tricos<\/li><li>Servicios de Farmacia<\/li><li>Trabajo Social<\/li><li>Terapia&nbsp; F\u00edsica y Recreativa<\/li><li>Charlas Individuales, Grupales y Familiares<\/li><\/ul>\n","protected":false},"excerpt":{"rendered":"<p>Los Servicios de Rehabilitaci\u00f3n que se ofrecen, utilizan t\u00e9cnicas de vanguardia con modelos probados de rehabilitaci\u00f3n. Nuestros servicios son \u00fanicos en Puerto Rico, aprendidos despu\u00e9s de muchos a\u00f1os de experiencia en el \u00e1rea de rehabilitaci\u00f3n de pacientes con&hellip;<\/p>\n","protected":false},"author":1,"featured_media":109,"parent":0,"menu_order":0,"comment_status":"closed","ping_status":"closed","template":"","meta":{"nf_dc_page":"","om_disable_all_campaigns":false,"_monsterinsights_skip_tracking":false,"_monsterinsights_sitenote_active":false,"_monsterinsights_sitenote_note":"","_monsterinsights_sitenote_category":0,"footnotes":""},"class_list":["post-48","page","type-page","status-publish","has-post-thumbnail","hentry"],"aioseo_notices":[],"jetpack-related-posts":[],"jetpack_sharing_enabled":true,"_links":{"self":[{"href":"https:\/\/lastchancepr.com\/index.php?rest_route=\/wp\/v2\/pages\/48","targetHints":{"allow":["GET"]}}],"collection":[{"href":"https:\/\/lastchancepr.com\/index.php?rest_route=\/wp\/v2\/pages"}],"about":[{"href":"https:\/\/lastchancepr.com\/index.php?rest_route=\/wp\/v2\/types\/page"}],"author":[{"embeddable":true,"href":"https:\/\/lastchancepr.com\/index.php?rest_route=\/wp\/v2\/users\/1"}],"replies":[{"embeddable":true,"href":"https:\/\/lastchancepr.com\/index.php?rest_route=%2Fwp%2Fv2%2Fcomments&post=48"}],"version-history":[{"count":5,"href":"https:\/\/lastchancepr.com\/index.php?rest_route=\/wp\/v2\/pages\/48\/revisions"}],"predecessor-version":[{"id":151,"href":"https:\/\/lastchancepr.com\/index.php?rest_route=\/wp\/v2\/pages\/48\/revisions\/151"}],"wp:featuredmedia":[{"embeddable":true,"href":"https:\/\/lastchancepr.com\/index.php?rest_route=\/wp\/v2\/media\/109"}],"wp:attachment":[{"href":"https:\/\/lastchancepr.com\/index.php?rest_route=%2Fwp%2Fv2%2Fmedia&parent=48"}],"curies":[{"name":"wp","href":"https:\/\/api.w.org\/{rel}","templated":true}]}}