{"id":3,"date":"2021-08-20T17:02:02","date_gmt":"2021-08-20T17:02:02","guid":{"rendered":"http:\/\/box2086\/cgi\/addon_GT.cgi?s=GT::WP::Install::EIG+%28lastchc0%29+-+10.24.48.80+%5BWordpress%3b+\/var\/hp\/common\/lib\/Wordpress.pm%3b+543%3b+Hosting::gap_call%5D\/?page_id=3"},"modified":"2021-08-20T23:44:59","modified_gmt":"2021-08-20T23:44:59","slug":"privacy-policy","status":"publish","type":"page","link":"https:\/\/lastchancepr.com\/?page_id=3&lang=es","title":{"rendered":"Privacy Policy"},"content":{"rendered":"\n<h2 class=\"wp-block-heading\">Who we are<\/h2>\n\n\n\n<p class=\"has-text-color\" style=\"color:#000aa3\"><strong>\u00bfQuienes Somos?<\/strong><br>La direcci\u00f3n de nuestro sitio web es: https:\/\/www.lastchancepr.com<\/p>\n\n\n\n<p class=\"has-text-color\" style=\"color:#000aa3\"><strong>Comentarios<\/strong><br>Cuando los visitantes dejan comentarios en el sitio, recopilamos los datos que se muestran en el formulario de comentarios, y tambi\u00e9n la direcci\u00f3n IP del visitante y la cadena del agente de usuario del navegador para ayudar a la detecci\u00f3n de spam.<\/p>\n\n\n\n<p class=\"has-text-color\" style=\"color:#000aa3\">Se puede proporcionar una cadena an\u00f3nima creada a partir de su direcci\u00f3n de correo electr\u00f3nico (tambi\u00e9n llamada hash) al servicio Gravatar para ver si la est\u00e1 utilizando. La pol\u00edtica de privacidad del servicio Gravatar est\u00e1 disponible aqu\u00ed: https:\/\/automattic.com\/privacy\/. Despu\u00e9s de la aprobaci\u00f3n de su comentario, su foto de perfil es visible para el p\u00fablico en el contexto de su comentario.<\/p>\n\n\n\n<p class=\"has-text-color\" style=\"color:#000aa3\"><strong>Cookies<\/strong><br>Si deja un comentario en nuestro sitio, puede optar por guardar su nombre, direcci\u00f3n de correo electr\u00f3nico y sitio web en cookies. Estos son para su conveniencia para que no tenga que volver a completar sus datos cuando deje otro comentario. Estas cookies durar\u00e1n un a\u00f1o.<\/p>\n\n\n\n<p class=\"has-text-color\" style=\"color:#000aa3\">Si visita nuestra p\u00e1gina de inicio de sesi\u00f3n, configuraremos una cookie temporal para determinar si su navegador acepta cookies. Esta cookie no contiene datos personales y se descarta cuando cierra su navegador.<\/p>\n\n\n\n<p class=\"has-text-color\" style=\"color:#000aa3\">Cuando inicie sesi\u00f3n, tambi\u00e9n configuraremos varias cookies para guardar su informaci\u00f3n de inicio de sesi\u00f3n y sus opciones de visualizaci\u00f3n de pantalla. Las cookies de inicio de sesi\u00f3n duran dos d\u00edas y las cookies de opciones de pantalla duran un a\u00f1o. Si selecciona \u201cRecordarme\u201d, su inicio de sesi\u00f3n se mantendr\u00e1 durante dos semanas. Si cierra sesi\u00f3n en su cuenta, se eliminar\u00e1n las cookies de inicio de sesi\u00f3n.<\/p>\n\n\n\n<p class=\"has-text-color\" style=\"color:#000aa3\">Si edita o publica un art\u00edculo, se guardar\u00e1 una cookie adicional en su navegador. Esta cookie no incluye datos personales y simplemente indica el ID de publicaci\u00f3n del art\u00edculo que acaba de editar. Caduca despu\u00e9s de 1 d\u00eda.<\/p>\n\n\n\n<p class=\"has-text-color\" style=\"color:#000aa3\"><strong>La Norma de Privacidad de la ley HIPAA<\/strong><\/p>\n\n\n\n<p class=\"has-text-color\" style=\"color:#000aa3\">Nosotros no proporcionamos informacion m\u00e9dica de pacientes o clientes de la empresa, a excepci\u00f3n de aquellos casos aprobados por La Norma de Privacidad de la ley HIPAA. La ley HIPAA protege la privacidad de la informaci\u00f3n m\u00e9dica de los pacientes (informaci\u00f3n de salud protegida), pero est\u00e1 equilibrada para garantizar que se haga el uso y la revelaci\u00f3n adecuados de la informaci\u00f3n cuando sea necesario para tratar a un paciente, proteger la salud p\u00fablica de la naci\u00f3n y otros prop\u00f3sitos fundamentales.<\/p>\n\n\n\n<p class=\"has-text-color\" style=\"color:#000aa3\"><strong>Contenido incrustado de otros sitios web<\/strong><br>Los art\u00edculos de este sitio pueden incluir contenido incrustado (por ejemplo, videos, im\u00e1genes, art\u00edculos, etc.). El contenido incrustado de otros sitios web se comporta exactamente de la misma manera que si el visitante hubiera visitado el otro sitio web.<\/p>\n\n\n\n<p class=\"has-text-color\" style=\"color:#000aa3\">Estos sitios web pueden recopilar datos sobre usted, utilizar cookies, incrustar un seguimiento adicional de terceros y supervisar su interacci\u00f3n con ese contenido incrustado, incluido el seguimiento de su interacci\u00f3n con el contenido incrustado si tiene una cuenta y ha iniciado sesi\u00f3n en ese sitio web.<\/p>\n\n\n\n<p class=\"has-text-color\" style=\"color:#000aa3\"><strong>Con qui\u00e9n compartimos sus datos<\/strong><br>Si solicita un restablecimiento de contrase\u00f1a, su direcci\u00f3n IP se incluir\u00e1 en el correo electr\u00f3nico de restablecimiento.<\/p>\n\n\n\n<p class=\"has-text-color\" style=\"color:#000aa3\"><strong>Cu\u00e1nto tiempo conservamos sus datos<\/strong><br>Si deja un comentario, el comentario y sus metadatos se conservan indefinidamente. Esto es para que podamos reconocer y aprobar cualquier comentario de seguimiento autom\u00e1ticamente en lugar de mantenerlos en una cola de moderaci\u00f3n.<\/p>\n\n\n\n<p class=\"has-text-color\" style=\"color:#000aa3\">Para los usuarios que se registran en nuestro sitio web (si corresponde), tambi\u00e9n almacenamos la informaci\u00f3n personal que proporcionan en su perfil de usuario. Todos los usuarios pueden ver, editar o eliminar su informaci\u00f3n personal en cualquier momento (excepto que no pueden cambiar su nombre de usuario). Los administradores del sitio web tambi\u00e9n pueden ver y editar esa informaci\u00f3n.<\/p>\n\n\n\n<p class=\"has-text-color\" style=\"color:#000aa3\"><strong>Que derechos tienes sobre tus datos<\/strong><br>Si tiene una cuenta en este sitio o ha dejado comentarios, puede solicitar recibir un archivo exportado de los datos personales que tenemos sobre usted, incluidos los datos que nos haya proporcionado. Tambi\u00e9n puede solicitar que borremos cualquier dato personal que tengamos sobre usted. Esto no incluye ning\u00fan dato que estemos obligados a conservar con fines administrativos, legales o de seguridad.<\/p>\n\n\n\n<p class=\"has-text-color\" style=\"color:#000aa3\"><strong>A donde enviamos sus datos<\/strong><br>Los comentarios de los visitantes se pueden verificar a trav\u00e9s de un servicio autom\u00e1tico de detecci\u00f3n de spam.<\/p>\n","protected":false},"excerpt":{"rendered":"<p>Who we are \u00bfQuienes Somos?La direcci\u00f3n de nuestro sitio web es: https:\/\/www.lastchancepr.com ComentariosCuando los visitantes dejan comentarios en el sitio, recopilamos los datos que se muestran en el formulario de comentarios, y tambi\u00e9n la direcci\u00f3n IP del visitante&hellip;<\/p>\n","protected":false},"author":1,"featured_media":116,"parent":0,"menu_order":0,"comment_status":"closed","ping_status":"open","template":"","meta":{"nf_dc_page":"","om_disable_all_campaigns":false,"_monsterinsights_skip_tracking":false,"_monsterinsights_sitenote_active":false,"_monsterinsights_sitenote_note":"","_monsterinsights_sitenote_category":0,"footnotes":""},"class_list":["post-3","page","type-page","status-publish","has-post-thumbnail","hentry"],"aioseo_notices":[],"jetpack-related-posts":[],"jetpack_sharing_enabled":true,"_links":{"self":[{"href":"https:\/\/lastchancepr.com\/index.php?rest_route=\/wp\/v2\/pages\/3","targetHints":{"allow":["GET"]}}],"collection":[{"href":"https:\/\/lastchancepr.com\/index.php?rest_route=\/wp\/v2\/pages"}],"about":[{"href":"https:\/\/lastchancepr.com\/index.php?rest_route=\/wp\/v2\/types\/page"}],"author":[{"embeddable":true,"href":"https:\/\/lastchancepr.com\/index.php?rest_route=\/wp\/v2\/users\/1"}],"replies":[{"embeddable":true,"href":"https:\/\/lastchancepr.com\/index.php?rest_route=%2Fwp%2Fv2%2Fcomments&post=3"}],"version-history":[{"count":2,"href":"https:\/\/lastchancepr.com\/index.php?rest_route=\/wp\/v2\/pages\/3\/revisions"}],"predecessor-version":[{"id":147,"href":"https:\/\/lastchancepr.com\/index.php?rest_route=\/wp\/v2\/pages\/3\/revisions\/147"}],"wp:featuredmedia":[{"embeddable":true,"href":"https:\/\/lastchancepr.com\/index.php?rest_route=\/wp\/v2\/media\/116"}],"wp:attachment":[{"href":"https:\/\/lastchancepr.com\/index.php?rest_route=%2Fwp%2Fv2%2Fmedia&parent=3"}],"curies":[{"name":"wp","href":"https:\/\/api.w.org\/{rel}","templated":true}]}}