{"id":286,"date":"2022-08-09T21:32:50","date_gmt":"2022-08-09T21:32:50","guid":{"rendered":"https:\/\/lastchancepr.com\/?page_id=286"},"modified":"2022-08-09T21:54:07","modified_gmt":"2022-08-09T21:54:07","slug":"286-2","status":"publish","type":"page","link":"https:\/\/lastchancepr.com\/?page_id=286&lang=es","title":{"rendered":""},"content":{"rendered":"\n<h2 class=\"wp-block-heading\"><\/h2>\n\n\n\n<figure class=\"wp-block-image size-full\"><img data-recalc-dims=\"1\" loading=\"lazy\" decoding=\"async\" width=\"631\" height=\"349\" src=\"https:\/\/i0.wp.com\/lastchancepr.com\/wp-content\/uploads\/2022\/08\/Business-Card-Back.png?resize=631%2C349&#038;ssl=1\" alt=\"\" class=\"wp-image-264\" srcset=\"https:\/\/i0.wp.com\/lastchancepr.com\/wp-content\/uploads\/2022\/08\/Business-Card-Back.png?w=631&amp;ssl=1 631w, https:\/\/i0.wp.com\/lastchancepr.com\/wp-content\/uploads\/2022\/08\/Business-Card-Back.png?resize=300%2C166&amp;ssl=1 300w\" sizes=\"auto, (max-width: 631px) 100vw, 631px\" \/><\/figure>\n\n\n\n<p class=\"has-text-color\" style=\"color:#000aa3\">Estamos localizados en:<\/p>\n\n\n\n<p class=\"has-text-color\" style=\"color:#000aa3\">Carretera #848, Km. 0, Hm. 1, Barrio Las Cuevas, Trujillo Alto, PR 00976<\/p>\n\n\n\n<p class=\"has-text-color\" style=\"color:#000aa3\">Puede llamar a los tel\u00e9fonos: (787) 614-3006, \u00f3 al (787) 390-0098, para atenci\u00f3n inmediata.<\/p>\n\n\n\n<p class=\"has-text-color\" style=\"color:#000aa3\">Por correo electronico: servicios@lastchancepr.com<\/p>\n","protected":false},"excerpt":{"rendered":"<p>Estamos localizados en: Carretera #848, Km. 0, Hm. 1, Barrio Las Cuevas, Trujillo Alto, PR 00976 Puede llamar a los tel\u00e9fonos: (787) 614-3006, \u00f3 al (787) 390-0098, para atenci\u00f3n inmediata. Por correo electronico: servicios@lastchancepr.com<\/p>\n","protected":false},"author":1,"featured_media":0,"parent":0,"menu_order":0,"comment_status":"closed","ping_status":"closed","template":"","meta":{"nf_dc_page":"","om_disable_all_campaigns":false,"_monsterinsights_skip_tracking":false,"_monsterinsights_sitenote_active":false,"_monsterinsights_sitenote_note":"","_monsterinsights_sitenote_category":0,"footnotes":""},"class_list":["post-286","page","type-page","status-publish","hentry"],"aioseo_notices":[],"jetpack-related-posts":[],"jetpack_sharing_enabled":true,"_links":{"self":[{"href":"https:\/\/lastchancepr.com\/index.php?rest_route=\/wp\/v2\/pages\/286","targetHints":{"allow":["GET"]}}],"collection":[{"href":"https:\/\/lastchancepr.com\/index.php?rest_route=\/wp\/v2\/pages"}],"about":[{"href":"https:\/\/lastchancepr.com\/index.php?rest_route=\/wp\/v2\/types\/page"}],"author":[{"embeddable":true,"href":"https:\/\/lastchancepr.com\/index.php?rest_route=\/wp\/v2\/users\/1"}],"replies":[{"embeddable":true,"href":"https:\/\/lastchancepr.com\/index.php?rest_route=%2Fwp%2Fv2%2Fcomments&post=286"}],"version-history":[{"count":3,"href":"https:\/\/lastchancepr.com\/index.php?rest_route=\/wp\/v2\/pages\/286\/revisions"}],"predecessor-version":[{"id":296,"href":"https:\/\/lastchancepr.com\/index.php?rest_route=\/wp\/v2\/pages\/286\/revisions\/296"}],"wp:attachment":[{"href":"https:\/\/lastchancepr.com\/index.php?rest_route=%2Fwp%2Fv2%2Fmedia&parent=286"}],"curies":[{"name":"wp","href":"https:\/\/api.w.org\/{rel}","templated":true}]}}