{"id":153,"date":"2021-08-21T00:17:25","date_gmt":"2021-08-21T00:17:25","guid":{"rendered":"http:\/\/box2086.temp.domains\/~lastchc0\/?page_id=153"},"modified":"2021-08-22T17:36:33","modified_gmt":"2021-08-22T17:36:33","slug":"153-2","status":"publish","type":"page","link":"https:\/\/lastchancepr.com\/?page_id=153&lang=es","title":{"rendered":"Empleos"},"content":{"rendered":"\n<p class=\"has-text-color\" style=\"color:#000aa3\">Last Chance tiene la obligaci\u00f3n de reclutar a personal que est\u00e9 cualificado para ejercer su labor en la empresa. Eso nos garantiza que nuestros servicios sean de excelencia y de la mas alta calidad. Nosotros estamos actualmente buscando y reclutando personal en las siguientes especialidades y destrezas:<\/p>\n\n\n\n<figure class=\"wp-block-table\"><table class=\"has-text-color\" style=\"color:#000aa3\"><tbody><tr><td>Doctor en Medicina<\/td><\/tr><tr><td>Psiqui\u00e1tra<\/td><\/tr><tr><td>Psic\u00f3logo(a)<\/td><\/tr><tr><td>Enfermero(a) Graduado(a) (RN)<\/td><\/tr><tr><td>Enfermero(a) Pr\u00e1ctico(a)<\/td><\/tr><tr><td>Consejero en Adicci\u00f3n<\/td><\/tr><tr><td>Personal de Mantenimiento (Handyman y de Limpieza)<\/td><\/tr><tr><td>Cocineros<\/td><\/tr><tr><td>Asistentes de Cocina<\/td><\/tr><tr><td>Supervisor Seguridad ATP<\/td><\/tr><tr><td>Seguridad (ATP)<\/td><\/tr><tr><td>Trabajador(a) Social<\/td><\/tr><tr><td>Codificador(a) de Planes M\u00e9dicos<\/td><\/tr><tr><td>Recepcionista<\/td><\/tr><\/tbody><\/table><\/figure>\n\n\n\n<p class=\"has-text-color\" style=\"color:#000aa3\">Si usted tiene experiencia, est\u00e1 cualificado y le interesa trabajar con una empresa l\u00edder en el \u00e1rea de desintoxicaci\u00f3n, favor de enviar un resum\u00e9 actualizado al siguiente correo electr\u00f3nico:<\/p>\n\n\n\n<p class=\"has-text-color\" style=\"color:#000aa3\">empleos@lastchancepr.com<\/p>\n\n\n\n<p class=\"has-text-color\" style=\"color:#000aa3\">Nosotros evaluaremos su informaci\u00f3n de forma confidencial. De interesarnos en sus cualificaciones, nos estaremos comunicando con usted para iniciar una entrevista personal.<\/p>\n","protected":false},"excerpt":{"rendered":"<p>Last Chance tiene la obligaci\u00f3n de reclutar a personal que est\u00e9 cualificado para ejercer su labor en la empresa. Eso nos garantiza que nuestros servicios sean de excelencia y de la mas alta calidad. Nosotros estamos actualmente buscando&hellip;<\/p>\n","protected":false},"author":1,"featured_media":247,"parent":0,"menu_order":0,"comment_status":"closed","ping_status":"closed","template":"","meta":{"nf_dc_page":"","om_disable_all_campaigns":false,"_monsterinsights_skip_tracking":false,"_monsterinsights_sitenote_active":false,"_monsterinsights_sitenote_note":"","_monsterinsights_sitenote_category":0,"footnotes":""},"class_list":["post-153","page","type-page","status-publish","has-post-thumbnail","hentry"],"aioseo_notices":[],"jetpack-related-posts":[],"jetpack_sharing_enabled":true,"_links":{"self":[{"href":"https:\/\/lastchancepr.com\/index.php?rest_route=\/wp\/v2\/pages\/153","targetHints":{"allow":["GET"]}}],"collection":[{"href":"https:\/\/lastchancepr.com\/index.php?rest_route=\/wp\/v2\/pages"}],"about":[{"href":"https:\/\/lastchancepr.com\/index.php?rest_route=\/wp\/v2\/types\/page"}],"author":[{"embeddable":true,"href":"https:\/\/lastchancepr.com\/index.php?rest_route=\/wp\/v2\/users\/1"}],"replies":[{"embeddable":true,"href":"https:\/\/lastchancepr.com\/index.php?rest_route=%2Fwp%2Fv2%2Fcomments&post=153"}],"version-history":[{"count":3,"href":"https:\/\/lastchancepr.com\/index.php?rest_route=\/wp\/v2\/pages\/153\/revisions"}],"predecessor-version":[{"id":176,"href":"https:\/\/lastchancepr.com\/index.php?rest_route=\/wp\/v2\/pages\/153\/revisions\/176"}],"wp:featuredmedia":[{"embeddable":true,"href":"https:\/\/lastchancepr.com\/index.php?rest_route=\/wp\/v2\/media\/247"}],"wp:attachment":[{"href":"https:\/\/lastchancepr.com\/index.php?rest_route=%2Fwp%2Fv2%2Fmedia&parent=153"}],"curies":[{"name":"wp","href":"https:\/\/api.w.org\/{rel}","templated":true}]}}