{"id":142,"date":"2021-08-20T23:34:55","date_gmt":"2021-08-20T23:34:55","guid":{"rendered":"http:\/\/box2086.temp.domains\/~lastchc0\/?page_id=142"},"modified":"2025-10-08T17:43:24","modified_gmt":"2025-10-08T17:43:24","slug":"home","status":"publish","type":"page","link":"https:\/\/lastchancepr.com\/","title":{"rendered":"Home"},"content":{"rendered":"\n<div class=\"wp-block-group nf-instructions\"><div class=\"wp-block-group__inner-container is-layout-flow wp-block-group-is-layout-flow\">\n<figure class=\"wp-block-image alignwide size-large is-style-rounded\"><img data-recalc-dims=\"1\" loading=\"lazy\" decoding=\"async\" width=\"683\" height=\"1024\" src=\"https:\/\/i0.wp.com\/lastchancepr.com\/wp-content\/uploads\/2021\/08\/pexels-photo-4100420.jpeg?resize=683%2C1024&#038;ssl=1\" alt=\"\" class=\"wp-image-108\" srcset=\"https:\/\/i0.wp.com\/lastchancepr.com\/wp-content\/uploads\/2021\/08\/pexels-photo-4100420.jpeg?resize=683%2C1024&amp;ssl=1 683w, https:\/\/i0.wp.com\/lastchancepr.com\/wp-content\/uploads\/2021\/08\/pexels-photo-4100420.jpeg?resize=200%2C300&amp;ssl=1 200w, https:\/\/i0.wp.com\/lastchancepr.com\/wp-content\/uploads\/2021\/08\/pexels-photo-4100420.jpeg?resize=768%2C1152&amp;ssl=1 768w, https:\/\/i0.wp.com\/lastchancepr.com\/wp-content\/uploads\/2021\/08\/pexels-photo-4100420.jpeg?w=867&amp;ssl=1 867w\" sizes=\"auto, (max-width: 683px) 100vw, 683px\" \/><figcaption class=\"wp-element-caption\"><mark style=\"background-color:rgba(0, 0, 0, 0);color:#000aa3\" class=\"has-inline-color\"><strong>La Clinica Last Chance le ofrece al usuario la oportunidad de rehabilitarse y de reinsertarse como individuo \u00fatil a la sociedad<\/strong><\/mark>.<\/figcaption><\/figure>\n<\/div><\/div>\n\n\n\n<h1 class=\"wp-block-heading has-text-color\" style=\"color:#000aa3\">Last Chance LLC<\/h1>\n\n\n\n<h3 class=\"wp-block-heading has-text-color\" style=\"color:#000aa3\"><a><u>Visi\u00f3n:<\/u><\/a><\/h3>\n\n\n\n<p class=\"has-text-color\" style=\"color:#000aa3\">Proveer servicios de salud de la m\u00e1s alta calidad en beneficio del individuo y de la sociedad en general.<\/p>\n\n\n\n<h3 class=\"wp-block-heading has-text-color\" style=\"color:#000aa3\"><a><u>Misi\u00f3n:<\/u><\/a><\/h3>\n\n\n\n<p class=\"has-text-color\" style=\"color:#000aa3\">Ayudar a individuos con problemas de abuso de alcohol y abuso de sustancias a retomar su vida y continuar siendo \u00fatiles a su familia, comunidad y la sociedad en general.<\/p>\n\n\n\n<h3 class=\"wp-block-heading has-text-color\" style=\"color:#000aa3\"><a><u>Prop\u00f3sito:<\/u><\/a><\/h3>\n\n\n\n<p class=\"has-text-color\" style=\"color:#000aa3\">Darle las herramientas al individuo y ayudarlo a resolver su problema de dependencia de alcohol y drogas que aquejan a su familia, la comunidad, la sociedad en general y al gobierno aplicando t\u00e9cnicas innovadoras y de vanguardia \u00fanicas en Puerto Rico.<\/p>\n\n\n\n<div class=\"wp-block-buttons is-layout-flex wp-block-buttons-is-layout-flex\">\n<div class=\"wp-block-button has-custom-font-size is-style-fill has-small-font-size\" id=\"Para-informaci\u00f3n\"><a class=\"wp-block-button__link has-luminous-vivid-amber-color has-text-color has-background wp-element-button\" href=\"https:\/\/lastchancepr.com\/?page_id=286\" style=\"background-color:#000aa3\" target=\"_blank\" rel=\"noreferrer noopener\"><strong>Cont<\/strong>\u00e1ctenos<\/a><\/div>\n<\/div>\n\n\n\n<h2 class=\"wp-block-heading\">News<\/h2>\n","protected":false},"excerpt":{"rendered":"<p>Last Chance LLC Visi\u00f3n: Proveer servicios de salud de la m\u00e1s alta calidad en beneficio del individuo y de la sociedad en general. Misi\u00f3n: Ayudar a individuos con problemas de abuso de alcohol y abuso de sustancias a&hellip;<\/p>\n","protected":false},"author":1,"featured_media":0,"parent":0,"menu_order":0,"comment_status":"closed","ping_status":"closed","template":"","meta":{"nf_dc_page":"home","om_disable_all_campaigns":false,"_monsterinsights_skip_tracking":false,"_monsterinsights_sitenote_active":false,"_monsterinsights_sitenote_note":"","_monsterinsights_sitenote_category":0,"footnotes":""},"class_list":["post-142","page","type-page","status-publish","hentry"],"aioseo_notices":[],"jetpack-related-posts":[{"id":310,"url":"https:\/\/lastchancepr.com\/?page_id=310","url_meta":{"origin":142,"position":0},"title":"Home &#8211; English","author":"Last Chance","date":"October 8, 2025","format":false,"excerpt":"","rel":"","context":"Similar post","block_context":{"text":"Similar post","link":""},"img":{"alt_text":"","src":"","width":0,"height":0},"classes":[]}],"jetpack_sharing_enabled":true,"_links":{"self":[{"href":"https:\/\/lastchancepr.com\/index.php?rest_route=\/wp\/v2\/pages\/142","targetHints":{"allow":["GET"]}}],"collection":[{"href":"https:\/\/lastchancepr.com\/index.php?rest_route=\/wp\/v2\/pages"}],"about":[{"href":"https:\/\/lastchancepr.com\/index.php?rest_route=\/wp\/v2\/types\/page"}],"author":[{"embeddable":true,"href":"https:\/\/lastchancepr.com\/index.php?rest_route=\/wp\/v2\/users\/1"}],"replies":[{"embeddable":true,"href":"https:\/\/lastchancepr.com\/index.php?rest_route=%2Fwp%2Fv2%2Fcomments&post=142"}],"version-history":[{"count":5,"href":"https:\/\/lastchancepr.com\/index.php?rest_route=\/wp\/v2\/pages\/142\/revisions"}],"predecessor-version":[{"id":308,"href":"https:\/\/lastchancepr.com\/index.php?rest_route=\/wp\/v2\/pages\/142\/revisions\/308"}],"wp:attachment":[{"href":"https:\/\/lastchancepr.com\/index.php?rest_route=%2Fwp%2Fv2%2Fmedia&parent=142"}],"curies":[{"name":"wp","href":"https:\/\/api.w.org\/{rel}","templated":true}]}}